{"id":1478,"date":"2021-12-13T17:06:39","date_gmt":"2021-12-13T16:06:39","guid":{"rendered":"http:\/\/mak2com.local\/mentions-legales\/"},"modified":"2022-12-21T12:16:16","modified_gmt":"2022-12-21T11:16:16","slug":"mentions-legales","status":"publish","type":"page","link":"https:\/\/mak2com.fr\/eu\/mentions-legales\/","title":{"rendered":"Mentions L\u00e9gales"},"content":{"rendered":"\n<ul class=\"wp-block-list\"><li><a href=\"http:\/\/mak2com.local\/eu\/mentions-legales\/#Propriete-intellectuelle\">Propri\u00e9t\u00e9 intellectuelle<\/a><\/li><li><a href=\"http:\/\/mak2com.local\/eu\/mentions-legales\/#Liens-autres-sites\">Liens vers d\u2019autres sites<\/a><\/li><li><a href=\"http:\/\/mak2com.local\/eu\/mentions-legales\/#Informations-nominatives\">Informations nominatives et autres informations<\/a><\/li><li><a href=\"http:\/\/mak2com.local\/eu\/mentions-legales\/#Limitations-de-responsabilite\">Limitations de responsabilit\u00e9<\/a><\/li><li><a href=\"http:\/\/mak2com.local\/eu\/mentions-legales\/#Disponibilite-du-site-web\">Disponibilit\u00e9 du site web<\/a><\/li><li><a href=\"http:\/\/mak2com.local\/eu\/mentions-legales\/#Dispositions-juridictionnelles\">Dispositions juridictionnelles<\/a><\/li><li><a href=\"http:\/\/mak2com.local\/eu\/mentions-legales\/#Editeur\">\u00c9diteur<\/a><\/li><li><a href=\"http:\/\/mak2com.local\/eu\/mentions-legales\/#Conception-realisation\">Conception et r\u00e9alisation<\/a><\/li><li><a href=\"http:\/\/mak2com.local\/eu\/mentions-legales\/#Hebergement\">H\u00e9bergement du site<\/a><\/li><li><a href=\"http:\/\/mak2com.local\/eu\/mentions-legales\/#credits-illustrations\">Cr\u00e9dits Illustrations<\/a><\/li><\/ul>\n\n<h2 class=\"wp-block-heading\">Propri\u00e9t\u00e9 intellectuelle<\/h2>\n\n<p>Ce site appartient et est exploit\u00e9 par mak2com. Aucun \u00e9l\u00e9ment composant le Site ne peut \u00eatre copi\u00e9, reproduit, modifi\u00e9, r\u00e9\u00e9dit\u00e9, charg\u00e9, d\u00e9natur\u00e9, transmis ou distribu\u00e9 de quelque mani\u00e8re que ce soit, sous quelque support que ce soit, de fa\u00e7on partielle ou int\u00e9grale, sans autorisation \u00e9crite et pr\u00e9alable \u00e0 l\u2019exception d\u2019une stricte utilisation pour les besoins de la presse et sous r\u00e9serve du respect des droits de propri\u00e9t\u00e9 intellectuelle et de tout autre droit de propri\u00e9t\u00e9 dont il est fait mention. Seule la copie \u00e0 usage priv\u00e9 est autoris\u00e9e pour votre usage personnel, priv\u00e9 et non-commercial, sur votre ordinateur personnel.<br\/>La mention suivante doit notamment appara\u00eetre sur toute copie autoris\u00e9e de tout ou partie du contenu du Site : Copyright mak2com.<br\/>Toute utilisation autoris\u00e9e des \u00e9l\u00e9ments composant ou figurant dans le site doit se faire sans d\u00e9naturation, modification ou alt\u00e9ration de quelque mani\u00e8re que ce soit.<br\/>mak2com se r\u00e9serve le droit de poursuivre tout acte de contrefa\u00e7on de ses droits de propri\u00e9t\u00e9 intellectuelle.<\/p>\n\n<h2 class=\"wp-block-heading\">Liens vers d\u2019autres sites<\/h2>\n\n<p>La responsabilit\u00e9 de mak2com ne saurait \u00eatre engag\u00e9e au titre d\u2019un site tiers auquel vous auriez acc\u00e8s via le Site. Nous ne disposons d\u2019aucun moyen de contr\u00f4le du contenu de ces sites tiers qui demeurent totalement ind\u00e9pendants. De surcro\u00eet, l\u2019existence d\u2019un lien entre le Site et un site tiers ne signifie en aucun cas quemak2com approuve \u00e0 quelque titre que ce soit le contenu de ce site et \u00e0 fortiori l\u2019usage qui pourrait en \u00eatre fait.<\/p>\n\n<p>En outre, il vous incombe de prendre les pr\u00e9cautions n\u00e9cessaires pour \u00e9viter toute contamination du site par un ou plusieurs \u00ab virus \u00bb, \u00ab Cheval de Troie \u00bb ou tout autre \u00ab parasite \u00bb.<\/p>\n\n<p>Des sites externes peuvent contenir des liens hypertextes pointant vers le Site. Un tel lien ne pourra \u00eatre install\u00e9 sans l\u2019accord pr\u00e9alable et expr\u00e8s de mak2com. En tout \u00e9tat de cause, mak2com n\u2019est aucunement responsable de l\u2019indisponibilit\u00e9 de tels sites et mak2com n\u2019examine, ne contr\u00f4le, n\u2019approuve, ni n\u2019est responsable des contenus, publicit\u00e9s, produits ou autres \u00e9l\u00e9ments disponibles sur ou via ces sites.<\/p>\n\n<h2 class=\"wp-block-heading\">Informations nominatives et autres informations<\/h2>\n\n<p>Par ailleurs mak2com ne divulguera pas \u00e0 des tiers les donn\u00e9es personnelles vous concernant que vous pourriez lui communiquer par le moyen de la messagerie \u00e9lectronique. Elles ne seront utilis\u00e9es que dans le but de vous r\u00e9pondre le plus efficacement possible.<br\/>Conform\u00e9ment \u00e0 la \u00ab Loi n\u00b02004-801 du 6 ao\u00fbt 2004, Loi relative \u00e0 la protection des personnes physiques \u00e0 l\u2019\u00e9gard des traitements de donn\u00e9es personnelles et modifiant la loi n\u00b078-17 du 06 janvier 1978 relative \u00e0 l\u2019informatique, aux fichiers et aux libert\u00e9s \u00bb, vous disposez d\u2019un droit d\u2019acc\u00e8s, de modification, de rectification et de suppression des donn\u00e9es personnelles qui vous concernent. Pour cela, il suffit d\u2019en faire la demande via la rubrique contact de ce site ou par voie postale (voir adresse ci-dessous).<\/p>\n\n<h2 class=\"wp-block-heading\">Limitations de responsabilit\u00e9<\/h2>\n\n<p>De plus mak2com s\u2019efforce d\u2019assurer au mieux de ses possibilit\u00e9s, l\u2019exactitude et la mise \u00e0 jour des informations diffus\u00e9es sur le Site, dont elle se r\u00e9serve le droit de corriger, \u00e0 tout moment et sans pr\u00e9avis, le contenu. Toutefois, mak2com ne peut garantir l\u2019exactitude, la pr\u00e9cision, la mise \u00e0 jour ou l\u2019exhaustivit\u00e9 des informations mises \u00e0 la disposition sur le Site.<\/p>\n\n<p>En cons\u00e9quence, mak2com d\u00e9cline toute responsabilit\u00e9 pour toute impr\u00e9cision, inexactitude ou omission portant sur des informations disponibles sur le Site ; pour tous dommages r\u00e9sultant d\u2019une intrusion frauduleuse d\u2019un tiers, ayant entra\u00een\u00e9 une modification des informations ou \u00e9l\u00e9ments mis \u00e0 la disposition sur le Site.<\/p>\n\n<p>Les \u00e9l\u00e9ments du Site ou de tout autre site sont fournis \u00ab en l\u2019\u00e9tat \u00bb sans aucune garantie d\u2019aucune sorte, implicite ou explicite.<\/p>\n\n<h2 class=\"wp-block-heading\">Disponibilit\u00e9 du site web<\/h2>\n\n<p>Vous reconnaissez (1) qu\u2019il est techniquement impossible de fournir le Site exempt de tout d\u00e9faut et que mak2com ne peut s\u2019y engager ; (2) que des d\u00e9fauts peuvent conduire \u00e0 l\u2019indisponibilit\u00e9 temporaire du Site ; et que (3) le fonctionnement du Site peut \u00eatre affect\u00e9 par des \u00e9v\u00e9nements et\/ou des \u00e9l\u00e9ments que mak2com ne contr\u00f4le pas.<\/p>\n\n<p>mak2com et\/ou ses fournisseurs pourra(ont), \u00e0 tout moment, modifier ou interrompre, temporairement ou de fa\u00e7on permanente, tout ou partie du Site pour effectuer des op\u00e9rations de maintenance et\/ou effectuer des am\u00e9liorations et\/ou des modifications sur le Site. mak2com n\u2019est pas responsable de toute modification, suspension ou interruption du Site.<\/p>\n\n<h2 class=\"wp-block-heading\">Dispositions juridictionnelles<\/h2>\n\n<p>Le Site et son contenu sont r\u00e9gis par le Droit Fran\u00e7ais, et tout litige \u00e9ventuel s\u2019y rapportant sera soumis \u00e0 la comp\u00e9tence des tribunaux fran\u00e7ais.<\/p>\n\n<h2 class=\"wp-block-heading\">\u00c9diteur<\/h2>\n\n<p><strong>\u00c9diteur du site :<\/strong><\/p>\n\n<p> <strong>mak2com<\/strong> \u2013 <em>Agence de communication<\/em><\/p>\n\n<p>SARL au capital social de 5000\u20ac<\/p>\n\n<p>4 rue Louis Colas \u2013 64600 ANGLET<\/p>\n\n<p>T\u00e9l. : 05 59 03 60 57<\/p>\n\n<p>SIRET : 519 320 121 000 22 \/ APE : 7311 Z<\/p>\n\n<p>N\u00b0 TVA Intracommunautaire : FR16519320121<\/p>\n\n<p><strong>Directeur de la Publication :<\/strong> Alain CHASSERIAUD<\/p>\n\n<h2 class=\"wp-block-heading\">Conception et r\u00e9alisation<\/h2>\n\n<p> <strong>mak2com<\/strong> \u2013 <em>Agence de communication<\/em><\/p>\n\n<p>4 rue Louis Colas \u2013 64600 ANGLET<\/p>\n\n<p>T\u00e9l. : 05 59 03 60 57<\/p>\n\n<p>contact@mak2com.fr<\/p>\n\n<p><a href=\"http:\/\/mak2com.local\/eu\/\">mak2com.fr<\/a><\/p>\n\n<h2 class=\"wp-block-heading\">H\u00e9bergement du site<\/h2>\n\n<p>Le Site est h\u00e9berg\u00e9 par : Soci\u00e9t\u00e9 OVH ROUBAIX<br\/>Adresse : OVH, 2 RUE KELLERMANN 59100 ROUBAIX<br\/>T\u00e9l\u00e9phone : 09 72 10 10 07<br\/>Site Internet : https:\/\/www.ovh.com\/fr\/<\/p>\n\n<h2 class=\"wp-block-heading\">Cr\u00e9dits Illustrations<\/h2>\n\n<p>Agence de communication <strong>mak2com<\/strong><\/p>\n","protected":false},"excerpt":{"rendered":"<p>Propri\u00e9t\u00e9 intellectuelle Liens vers d\u2019autres sites Informations nominatives et autres informations Limitations de responsabilit\u00e9 Disponibilit\u00e9 du site web Dispositions juridictionnelles [&hellip;]<\/p>\n","protected":false},"author":2,"featured_media":0,"parent":0,"menu_order":0,"comment_status":"closed","ping_status":"closed","template":"","meta":{"_acf_changed":false,"footnotes":""},"class_list":["post-1478","page","type-page","status-publish","hentry"],"acf":[],"yoast_head":"<!-- This site is optimized with the Yoast SEO plugin v27.4 - https:\/\/yoast.com\/product\/yoast-seo-wordpress\/ -->\n<title>Mentions L\u00e9gales - Mak2com<\/title>\n<meta name=\"robots\" content=\"index, follow, max-snippet:-1, max-image-preview:large, max-video-preview:-1\" \/>\n<link rel=\"canonical\" href=\"https:\/\/mak2com.fr\/eu\/mentions-legales\/\" \/>\n<meta property=\"og:locale\" content=\"eu_ES\" \/>\n<meta property=\"og:type\" content=\"article\" \/>\n<meta property=\"og:title\" content=\"Mentions L\u00e9gales - Mak2com\" \/>\n<meta property=\"og:description\" content=\"Propri\u00e9t\u00e9 intellectuelle Liens vers d\u2019autres sites Informations nominatives et autres informations Limitations de responsabilit\u00e9 Disponibilit\u00e9 du site web Dispositions juridictionnelles [&hellip;]\" \/>\n<meta property=\"og:url\" content=\"https:\/\/mak2com.fr\/eu\/mentions-legales\/\" \/>\n<meta property=\"og:site_name\" content=\"Mak2com\" \/>\n<meta property=\"article:publisher\" content=\"https:\/\/fr-fr.facebook.com\/mak2com\/\" \/>\n<meta property=\"article:modified_time\" content=\"2022-12-21T11:16:16+00:00\" \/>\n<meta name=\"twitter:card\" content=\"summary_large_image\" \/>\n<meta name=\"twitter:site\" content=\"@mak2com\" \/>\n<meta name=\"twitter:label1\" content=\"Est. reading time\" \/>\n\t<meta name=\"twitter:data1\" content=\"5 minutes\" \/>\n<script type=\"application\/ld+json\" class=\"yoast-schema-graph\">{\"@context\":\"https:\\\/\\\/schema.org\",\"@graph\":[{\"@type\":\"WebPage\",\"@id\":\"https:\\\/\\\/mak2com.fr\\\/eu\\\/mentions-legales\\\/\",\"url\":\"https:\\\/\\\/mak2com.fr\\\/eu\\\/mentions-legales\\\/\",\"name\":\"Mentions L\u00e9gales - Mak2com\",\"isPartOf\":{\"@id\":\"https:\\\/\\\/mak2com.fr\\\/eu\\\/#website\"},\"datePublished\":\"2021-12-13T16:06:39+00:00\",\"dateModified\":\"2022-12-21T11:16:16+00:00\",\"breadcrumb\":{\"@id\":\"https:\\\/\\\/mak2com.fr\\\/eu\\\/mentions-legales\\\/#breadcrumb\"},\"inLanguage\":\"eu-ES\",\"potentialAction\":[{\"@type\":\"ReadAction\",\"target\":[\"https:\\\/\\\/mak2com.fr\\\/eu\\\/mentions-legales\\\/\"]}]},{\"@type\":\"BreadcrumbList\",\"@id\":\"https:\\\/\\\/mak2com.fr\\\/eu\\\/mentions-legales\\\/#breadcrumb\",\"itemListElement\":[{\"@type\":\"ListItem\",\"position\":1,\"name\":\"Accueil\",\"item\":\"https:\\\/\\\/mak2com.fr\\\/eu\\\/\"},{\"@type\":\"ListItem\",\"position\":2,\"name\":\"Mentions L\u00e9gales\"}]},{\"@type\":\"WebSite\",\"@id\":\"https:\\\/\\\/mak2com.fr\\\/eu\\\/#website\",\"url\":\"https:\\\/\\\/mak2com.fr\\\/eu\\\/\",\"name\":\"Mak2com\",\"description\":\"360\u00b0-ko komunikaziorako agentzia \",\"publisher\":{\"@id\":\"https:\\\/\\\/mak2com.fr\\\/eu\\\/#organization\"},\"potentialAction\":[{\"@type\":\"SearchAction\",\"target\":{\"@type\":\"EntryPoint\",\"urlTemplate\":\"https:\\\/\\\/mak2com.fr\\\/eu\\\/?s={search_term_string}\"},\"query-input\":{\"@type\":\"PropertyValueSpecification\",\"valueRequired\":true,\"valueName\":\"search_term_string\"}}],\"inLanguage\":\"eu-ES\"},{\"@type\":\"Organization\",\"@id\":\"https:\\\/\\\/mak2com.fr\\\/eu\\\/#organization\",\"name\":\"Mak2com\",\"url\":\"https:\\\/\\\/mak2com.fr\\\/eu\\\/\",\"logo\":{\"@type\":\"ImageObject\",\"inLanguage\":\"eu-ES\",\"@id\":\"https:\\\/\\\/mak2com.fr\\\/eu\\\/#\\\/schema\\\/logo\\\/image\\\/\",\"url\":\"https:\\\/\\\/mak2com.fr\\\/wp-content\\\/uploads\\\/2021\\\/02\\\/RVB-LOGO-COULEUR.png\",\"contentUrl\":\"https:\\\/\\\/mak2com.fr\\\/wp-content\\\/uploads\\\/2021\\\/02\\\/RVB-LOGO-COULEUR.png\",\"width\":1840,\"height\":500,\"caption\":\"Mak2com\"},\"image\":{\"@id\":\"https:\\\/\\\/mak2com.fr\\\/eu\\\/#\\\/schema\\\/logo\\\/image\\\/\"},\"sameAs\":[\"https:\\\/\\\/fr-fr.facebook.com\\\/mak2com\\\/\",\"https:\\\/\\\/x.com\\\/mak2com\",\"https:\\\/\\\/www.instagram.com\\\/mak2com\\\/?hl=fr\",\"https:\\\/\\\/fr.linkedin.com\\\/company\\\/mak2com\"]}]}<\/script>\n<!-- \/ Yoast SEO plugin. -->","yoast_head_json":{"title":"Mentions L\u00e9gales - Mak2com","robots":{"index":"index","follow":"follow","max-snippet":"max-snippet:-1","max-image-preview":"max-image-preview:large","max-video-preview":"max-video-preview:-1"},"canonical":"https:\/\/mak2com.fr\/eu\/mentions-legales\/","og_locale":"eu_ES","og_type":"article","og_title":"Mentions L\u00e9gales - Mak2com","og_description":"Propri\u00e9t\u00e9 intellectuelle Liens vers d\u2019autres sites Informations nominatives et autres informations Limitations de responsabilit\u00e9 Disponibilit\u00e9 du site web Dispositions juridictionnelles [&hellip;]","og_url":"https:\/\/mak2com.fr\/eu\/mentions-legales\/","og_site_name":"Mak2com","article_publisher":"https:\/\/fr-fr.facebook.com\/mak2com\/","article_modified_time":"2022-12-21T11:16:16+00:00","twitter_card":"summary_large_image","twitter_site":"@mak2com","twitter_misc":{"Est. reading time":"5 minutes"},"schema":{"@context":"https:\/\/schema.org","@graph":[{"@type":"WebPage","@id":"https:\/\/mak2com.fr\/eu\/mentions-legales\/","url":"https:\/\/mak2com.fr\/eu\/mentions-legales\/","name":"Mentions L\u00e9gales - Mak2com","isPartOf":{"@id":"https:\/\/mak2com.fr\/eu\/#website"},"datePublished":"2021-12-13T16:06:39+00:00","dateModified":"2022-12-21T11:16:16+00:00","breadcrumb":{"@id":"https:\/\/mak2com.fr\/eu\/mentions-legales\/#breadcrumb"},"inLanguage":"eu-ES","potentialAction":[{"@type":"ReadAction","target":["https:\/\/mak2com.fr\/eu\/mentions-legales\/"]}]},{"@type":"BreadcrumbList","@id":"https:\/\/mak2com.fr\/eu\/mentions-legales\/#breadcrumb","itemListElement":[{"@type":"ListItem","position":1,"name":"Accueil","item":"https:\/\/mak2com.fr\/eu\/"},{"@type":"ListItem","position":2,"name":"Mentions L\u00e9gales"}]},{"@type":"WebSite","@id":"https:\/\/mak2com.fr\/eu\/#website","url":"https:\/\/mak2com.fr\/eu\/","name":"Mak2com","description":"360\u00b0-ko komunikaziorako agentzia ","publisher":{"@id":"https:\/\/mak2com.fr\/eu\/#organization"},"potentialAction":[{"@type":"SearchAction","target":{"@type":"EntryPoint","urlTemplate":"https:\/\/mak2com.fr\/eu\/?s={search_term_string}"},"query-input":{"@type":"PropertyValueSpecification","valueRequired":true,"valueName":"search_term_string"}}],"inLanguage":"eu-ES"},{"@type":"Organization","@id":"https:\/\/mak2com.fr\/eu\/#organization","name":"Mak2com","url":"https:\/\/mak2com.fr\/eu\/","logo":{"@type":"ImageObject","inLanguage":"eu-ES","@id":"https:\/\/mak2com.fr\/eu\/#\/schema\/logo\/image\/","url":"https:\/\/mak2com.fr\/wp-content\/uploads\/2021\/02\/RVB-LOGO-COULEUR.png","contentUrl":"https:\/\/mak2com.fr\/wp-content\/uploads\/2021\/02\/RVB-LOGO-COULEUR.png","width":1840,"height":500,"caption":"Mak2com"},"image":{"@id":"https:\/\/mak2com.fr\/eu\/#\/schema\/logo\/image\/"},"sameAs":["https:\/\/fr-fr.facebook.com\/mak2com\/","https:\/\/x.com\/mak2com","https:\/\/www.instagram.com\/mak2com\/?hl=fr","https:\/\/fr.linkedin.com\/company\/mak2com"]}]}},"_links":{"self":[{"href":"https:\/\/mak2com.fr\/eu\/wp-json\/wp\/v2\/pages\/1478","targetHints":{"allow":["GET"]}}],"collection":[{"href":"https:\/\/mak2com.fr\/eu\/wp-json\/wp\/v2\/pages"}],"about":[{"href":"https:\/\/mak2com.fr\/eu\/wp-json\/wp\/v2\/types\/page"}],"author":[{"embeddable":true,"href":"https:\/\/mak2com.fr\/eu\/wp-json\/wp\/v2\/users\/2"}],"replies":[{"embeddable":true,"href":"https:\/\/mak2com.fr\/eu\/wp-json\/wp\/v2\/comments?post=1478"}],"version-history":[{"count":4,"href":"https:\/\/mak2com.fr\/eu\/wp-json\/wp\/v2\/pages\/1478\/revisions"}],"predecessor-version":[{"id":2214,"href":"https:\/\/mak2com.fr\/eu\/wp-json\/wp\/v2\/pages\/1478\/revisions\/2214"}],"wp:attachment":[{"href":"https:\/\/mak2com.fr\/eu\/wp-json\/wp\/v2\/media?parent=1478"}],"curies":[{"name":"wp","href":"https:\/\/api.w.org\/{rel}","templated":true}]}}