{"id":1487,"date":"2021-12-13T17:11:58","date_gmt":"2021-12-13T16:11:58","guid":{"rendered":"http:\/\/mak2com.local\/politique-de-confidentialite\/"},"modified":"2021-12-13T17:12:15","modified_gmt":"2021-12-13T16:12:15","slug":"politique-de-confidentialite","status":"publish","type":"page","link":"https:\/\/mak2com.fr\/eu\/politique-de-confidentialite\/","title":{"rendered":"Politique de confidentialit\u00e9"},"content":{"rendered":"\n<p><strong>Mak2com <\/strong>s\u2019engage \u00e0 ce que la collecte et le traitement de vos donn\u00e9es, effectu\u00e9s \u00e0 partir du site http:\/\/mak2com.local\/, soient conformes au r\u00e8glement g\u00e9n\u00e9ral sur la protection des donn\u00e9es (RGPD) et \u00e0 la loi Informatique et Libert\u00e9s.<\/p>\n\n<p>Cette pr\u00e9sentation de notre politique de confidentialit\u00e9 vous informe de la mani\u00e8re dont <strong>Mak2com<\/strong> utilise et prot\u00e8ge les informations que vous nous transmettez, le cas \u00e9ch\u00e9ant, lorsque vous utilisez le pr\u00e9sent site accessible \u00e0 partir de l\u2019URL suivante : http:\/\/mak2com.local\/ (ci-apr\u00e8s le \u00ab Site \u00bb).<\/p>\n\n<h2 class=\"wp-block-heading\"><strong>DONN\u00c9ES PERSONNELLES<\/strong><\/h2>\n\n<p>Chaque formulaire ou t\u00e9l\u00e9service limite la collecte des donn\u00e9es personnelles au strict n\u00e9cessaire (minimisation des donn\u00e9es) et indique notamment :<\/p>\n\n<p>Quels sont les objectifs du recueil de ces donn\u00e9es (finalit\u00e9s) ;<\/p>\n\n<p>Si ces donn\u00e9es sont obligatoires ou facultatives pour la gestion de votre demande ;<\/p>\n\n<p>Qui pourra en prendre connaissance (uniquement \u00ab client \u00bb en principe, sauf pr\u00e9cision dans le formulaire lorsqu\u2019une transmission \u00e0 un tiers est n\u00e9cessaire \u00e0 la gestion de votre demande) ;<\/p>\n\n<p>Vos droits Informatique et Libert\u00e9s et la fa\u00e7on de les exercer aupr\u00e8s de la CNIL.<\/p>\n\n<p>Les donn\u00e9es personnelles recueillies dans le cadre des services propos\u00e9s sur http:\/\/mak2com.local\/ sont trait\u00e9es selon des protocoles s\u00e9curis\u00e9s et permettent \u00e0 \u00ab client \u00bb de g\u00e9rer les demandes re\u00e7ues dans ses applications informatiques.<\/p>\n\n<p>Pour toute information ou exercice de vos droits Informatique et Libert\u00e9s sur les traitements de donn\u00e9es personnelles g\u00e9r\u00e9s par <strong>Mak2com<\/strong>, vous pouvez contacter son d\u00e9l\u00e9gu\u00e9 \u00e0 la protection des donn\u00e9es (DPO) \/ son responsable des donn\u00e9es personnelles) par ce formulaire : <a href=\"http:\/\/mak2com.local\/eu\/contact\/\">par ici !<\/a><\/p>\n\n<p>ou par courrier sign\u00e9 accompagn\u00e9 de la copie d\u2019un titre d\u2019identit\u00e9 \u00e0 l\u2019adresse suivante :<\/p>\n\n<p><strong>Mak2com<\/strong> \u2013 <em>Agence de communication<\/em><\/p>\n\n<p>4 rue Louis Colas \u2013 64600 ANGLET<\/p>\n\n<p>T\u00e9l. : 05 59 03 60 57<\/p>\n\n<p>contact@mak2com.fr<\/p>\n\n<h2 class=\"wp-block-heading\"><strong>DUR\u00c9E DE CONSERVATION<\/strong><\/h2>\n\n<p>Dur\u00e9e d\u2019utilit\u00e9 administrative (DUA) applicables aux principales proc\u00e9dures g\u00e9r\u00e9es par <strong>Mak2com<\/strong>;<\/p>\n\n<p>La DUA couvre la dur\u00e9e de conservation en base active et en archives internes.<\/p>\n\n<p>DUA des informations collect\u00e9es dans le cadre de la proc\u00e9dure<\/p>\n\n<p>Envoi d\u2019un message par le formulaire de contact : 3 ans<\/p>\n\n<h2 class=\"wp-block-heading\"><strong>D\u00c9LAIS DE R\u00c9PONSE<\/strong><\/h2>\n\n<p><strong>Mak2com <\/strong>s\u2019engage \u00e0 r\u00e9pondre \u00e0 votre demande d\u2019acc\u00e8s, de rectification ou d\u2019opposition ou toute autre demande compl\u00e9mentaire d\u2019informations dans un d\u00e9lai raisonnable qui ne saurait d\u00e9passer 1 mois \u00e0 compter de la r\u00e9ception de votre demande.<\/p>\n\n<h2 class=\"wp-block-heading\"><strong>PLAINTE AUPR\u00c8S DE L\u2019AUTORIT\u00c9 COMP\u00c9TENTE<\/strong><\/h2>\n\n<p>Si vous consid\u00e9rez que <strong>Mak2com<\/strong> ne respecte pas ses obligations au regard de vos Informations Personnelles, vous pouvez adresser une plainte ou une demande aupr\u00e8s de l\u2019autorit\u00e9 comp\u00e9tente. En France, l\u2019autorit\u00e9 comp\u00e9tente est la CNIL \u00e0 laquelle vous pouvez adresser une demande par voie \u00e9lectronique en cliquant sur le lien suivant : <a href=\"https:\/\/www.cnil.fr\/fr\/plaintes\/internet\">https:\/\/www.cnil.fr\/fr\/plaintes\/internet<\/a> .<\/p>\n","protected":false},"excerpt":{"rendered":"<p>Mak2com s\u2019engage \u00e0 ce que la collecte et le traitement de vos donn\u00e9es, effectu\u00e9s \u00e0 partir du site http:\/\/mak2com.local\/, soient [&hellip;]<\/p>\n","protected":false},"author":2,"featured_media":0,"parent":0,"menu_order":0,"comment_status":"closed","ping_status":"closed","template":"","meta":{"_acf_changed":false,"footnotes":""},"class_list":["post-1487","page","type-page","status-publish","hentry"],"acf":[],"yoast_head":"<!-- This site is optimized with the Yoast SEO plugin v27.4 - https:\/\/yoast.com\/product\/yoast-seo-wordpress\/ -->\n<title>Politique de confidentialit\u00e9 - Mak2com<\/title>\n<meta name=\"robots\" content=\"index, follow, max-snippet:-1, max-image-preview:large, max-video-preview:-1\" \/>\n<link rel=\"canonical\" href=\"https:\/\/mak2com.fr\/eu\/politique-de-confidentialite\/\" \/>\n<meta property=\"og:locale\" content=\"eu_ES\" \/>\n<meta property=\"og:type\" content=\"article\" \/>\n<meta property=\"og:title\" content=\"Politique de confidentialit\u00e9 - Mak2com\" \/>\n<meta property=\"og:description\" content=\"Mak2com s\u2019engage \u00e0 ce que la collecte et le traitement de vos donn\u00e9es, effectu\u00e9s \u00e0 partir du site http:\/\/mak2com.local\/, soient [&hellip;]\" \/>\n<meta property=\"og:url\" content=\"https:\/\/mak2com.fr\/eu\/politique-de-confidentialite\/\" \/>\n<meta property=\"og:site_name\" content=\"Mak2com\" \/>\n<meta property=\"article:publisher\" content=\"https:\/\/fr-fr.facebook.com\/mak2com\/\" \/>\n<meta property=\"article:modified_time\" content=\"2021-12-13T16:12:15+00:00\" \/>\n<meta name=\"twitter:card\" content=\"summary_large_image\" \/>\n<meta name=\"twitter:site\" content=\"@mak2com\" \/>\n<meta name=\"twitter:label1\" content=\"Est. reading time\" \/>\n\t<meta name=\"twitter:data1\" content=\"2 minutes\" \/>\n<script type=\"application\/ld+json\" class=\"yoast-schema-graph\">{\"@context\":\"https:\\\/\\\/schema.org\",\"@graph\":[{\"@type\":\"WebPage\",\"@id\":\"https:\\\/\\\/mak2com.fr\\\/eu\\\/politique-de-confidentialite\\\/\",\"url\":\"https:\\\/\\\/mak2com.fr\\\/eu\\\/politique-de-confidentialite\\\/\",\"name\":\"Politique de confidentialit\u00e9 - Mak2com\",\"isPartOf\":{\"@id\":\"https:\\\/\\\/mak2com.fr\\\/eu\\\/#website\"},\"datePublished\":\"2021-12-13T16:11:58+00:00\",\"dateModified\":\"2021-12-13T16:12:15+00:00\",\"breadcrumb\":{\"@id\":\"https:\\\/\\\/mak2com.fr\\\/eu\\\/politique-de-confidentialite\\\/#breadcrumb\"},\"inLanguage\":\"eu-ES\",\"potentialAction\":[{\"@type\":\"ReadAction\",\"target\":[\"https:\\\/\\\/mak2com.fr\\\/eu\\\/politique-de-confidentialite\\\/\"]}]},{\"@type\":\"BreadcrumbList\",\"@id\":\"https:\\\/\\\/mak2com.fr\\\/eu\\\/politique-de-confidentialite\\\/#breadcrumb\",\"itemListElement\":[{\"@type\":\"ListItem\",\"position\":1,\"name\":\"Accueil\",\"item\":\"https:\\\/\\\/mak2com.fr\\\/eu\\\/\"},{\"@type\":\"ListItem\",\"position\":2,\"name\":\"Politique de confidentialit\u00e9\"}]},{\"@type\":\"WebSite\",\"@id\":\"https:\\\/\\\/mak2com.fr\\\/eu\\\/#website\",\"url\":\"https:\\\/\\\/mak2com.fr\\\/eu\\\/\",\"name\":\"Mak2com\",\"description\":\"360\u00b0-ko komunikaziorako agentzia \",\"publisher\":{\"@id\":\"https:\\\/\\\/mak2com.fr\\\/eu\\\/#organization\"},\"potentialAction\":[{\"@type\":\"SearchAction\",\"target\":{\"@type\":\"EntryPoint\",\"urlTemplate\":\"https:\\\/\\\/mak2com.fr\\\/eu\\\/?s={search_term_string}\"},\"query-input\":{\"@type\":\"PropertyValueSpecification\",\"valueRequired\":true,\"valueName\":\"search_term_string\"}}],\"inLanguage\":\"eu-ES\"},{\"@type\":\"Organization\",\"@id\":\"https:\\\/\\\/mak2com.fr\\\/eu\\\/#organization\",\"name\":\"Mak2com\",\"url\":\"https:\\\/\\\/mak2com.fr\\\/eu\\\/\",\"logo\":{\"@type\":\"ImageObject\",\"inLanguage\":\"eu-ES\",\"@id\":\"https:\\\/\\\/mak2com.fr\\\/eu\\\/#\\\/schema\\\/logo\\\/image\\\/\",\"url\":\"https:\\\/\\\/mak2com.fr\\\/wp-content\\\/uploads\\\/2021\\\/02\\\/RVB-LOGO-COULEUR.png\",\"contentUrl\":\"https:\\\/\\\/mak2com.fr\\\/wp-content\\\/uploads\\\/2021\\\/02\\\/RVB-LOGO-COULEUR.png\",\"width\":1840,\"height\":500,\"caption\":\"Mak2com\"},\"image\":{\"@id\":\"https:\\\/\\\/mak2com.fr\\\/eu\\\/#\\\/schema\\\/logo\\\/image\\\/\"},\"sameAs\":[\"https:\\\/\\\/fr-fr.facebook.com\\\/mak2com\\\/\",\"https:\\\/\\\/x.com\\\/mak2com\",\"https:\\\/\\\/www.instagram.com\\\/mak2com\\\/?hl=fr\",\"https:\\\/\\\/fr.linkedin.com\\\/company\\\/mak2com\"]}]}<\/script>\n<!-- \/ Yoast SEO plugin. -->","yoast_head_json":{"title":"Politique de confidentialit\u00e9 - Mak2com","robots":{"index":"index","follow":"follow","max-snippet":"max-snippet:-1","max-image-preview":"max-image-preview:large","max-video-preview":"max-video-preview:-1"},"canonical":"https:\/\/mak2com.fr\/eu\/politique-de-confidentialite\/","og_locale":"eu_ES","og_type":"article","og_title":"Politique de confidentialit\u00e9 - Mak2com","og_description":"Mak2com s\u2019engage \u00e0 ce que la collecte et le traitement de vos donn\u00e9es, effectu\u00e9s \u00e0 partir du site http:\/\/mak2com.local\/, soient [&hellip;]","og_url":"https:\/\/mak2com.fr\/eu\/politique-de-confidentialite\/","og_site_name":"Mak2com","article_publisher":"https:\/\/fr-fr.facebook.com\/mak2com\/","article_modified_time":"2021-12-13T16:12:15+00:00","twitter_card":"summary_large_image","twitter_site":"@mak2com","twitter_misc":{"Est. reading time":"2 minutes"},"schema":{"@context":"https:\/\/schema.org","@graph":[{"@type":"WebPage","@id":"https:\/\/mak2com.fr\/eu\/politique-de-confidentialite\/","url":"https:\/\/mak2com.fr\/eu\/politique-de-confidentialite\/","name":"Politique de confidentialit\u00e9 - Mak2com","isPartOf":{"@id":"https:\/\/mak2com.fr\/eu\/#website"},"datePublished":"2021-12-13T16:11:58+00:00","dateModified":"2021-12-13T16:12:15+00:00","breadcrumb":{"@id":"https:\/\/mak2com.fr\/eu\/politique-de-confidentialite\/#breadcrumb"},"inLanguage":"eu-ES","potentialAction":[{"@type":"ReadAction","target":["https:\/\/mak2com.fr\/eu\/politique-de-confidentialite\/"]}]},{"@type":"BreadcrumbList","@id":"https:\/\/mak2com.fr\/eu\/politique-de-confidentialite\/#breadcrumb","itemListElement":[{"@type":"ListItem","position":1,"name":"Accueil","item":"https:\/\/mak2com.fr\/eu\/"},{"@type":"ListItem","position":2,"name":"Politique de confidentialit\u00e9"}]},{"@type":"WebSite","@id":"https:\/\/mak2com.fr\/eu\/#website","url":"https:\/\/mak2com.fr\/eu\/","name":"Mak2com","description":"360\u00b0-ko komunikaziorako agentzia ","publisher":{"@id":"https:\/\/mak2com.fr\/eu\/#organization"},"potentialAction":[{"@type":"SearchAction","target":{"@type":"EntryPoint","urlTemplate":"https:\/\/mak2com.fr\/eu\/?s={search_term_string}"},"query-input":{"@type":"PropertyValueSpecification","valueRequired":true,"valueName":"search_term_string"}}],"inLanguage":"eu-ES"},{"@type":"Organization","@id":"https:\/\/mak2com.fr\/eu\/#organization","name":"Mak2com","url":"https:\/\/mak2com.fr\/eu\/","logo":{"@type":"ImageObject","inLanguage":"eu-ES","@id":"https:\/\/mak2com.fr\/eu\/#\/schema\/logo\/image\/","url":"https:\/\/mak2com.fr\/wp-content\/uploads\/2021\/02\/RVB-LOGO-COULEUR.png","contentUrl":"https:\/\/mak2com.fr\/wp-content\/uploads\/2021\/02\/RVB-LOGO-COULEUR.png","width":1840,"height":500,"caption":"Mak2com"},"image":{"@id":"https:\/\/mak2com.fr\/eu\/#\/schema\/logo\/image\/"},"sameAs":["https:\/\/fr-fr.facebook.com\/mak2com\/","https:\/\/x.com\/mak2com","https:\/\/www.instagram.com\/mak2com\/?hl=fr","https:\/\/fr.linkedin.com\/company\/mak2com"]}]}},"_links":{"self":[{"href":"https:\/\/mak2com.fr\/eu\/wp-json\/wp\/v2\/pages\/1487","targetHints":{"allow":["GET"]}}],"collection":[{"href":"https:\/\/mak2com.fr\/eu\/wp-json\/wp\/v2\/pages"}],"about":[{"href":"https:\/\/mak2com.fr\/eu\/wp-json\/wp\/v2\/types\/page"}],"author":[{"embeddable":true,"href":"https:\/\/mak2com.fr\/eu\/wp-json\/wp\/v2\/users\/2"}],"replies":[{"embeddable":true,"href":"https:\/\/mak2com.fr\/eu\/wp-json\/wp\/v2\/comments?post=1487"}],"version-history":[{"count":3,"href":"https:\/\/mak2com.fr\/eu\/wp-json\/wp\/v2\/pages\/1487\/revisions"}],"predecessor-version":[{"id":1490,"href":"https:\/\/mak2com.fr\/eu\/wp-json\/wp\/v2\/pages\/1487\/revisions\/1490"}],"wp:attachment":[{"href":"https:\/\/mak2com.fr\/eu\/wp-json\/wp\/v2\/media?parent=1487"}],"curies":[{"name":"wp","href":"https:\/\/api.w.org\/{rel}","templated":true}]}}